{"id":3283,"date":"2026-01-26T22:05:47","date_gmt":"2026-01-26T21:05:47","guid":{"rendered":"https:\/\/www.zmiany.org\/?page_id=3283"},"modified":"2026-01-26T22:05:52","modified_gmt":"2026-01-26T21:05:52","slug":"polityka-cookies","status":"publish","type":"page","link":"https:\/\/www.zmiany.org\/en\/polityka-cookies\/","title":{"rendered":"Polityka cookies"},"content":{"rendered":"\n<div class=\"wp-block-uagb-container uagb-block-23300294 alignfull uagb-is-root-container\"><div class=\"uagb-container-inner-blocks-wrap\">\n<div class=\"wp-block-uagb-container uagb-block-9e8ebc94 default uagb-is-root-container\">\n<div class=\"wp-block-uagb-advanced-heading uagb-block-bd09608a\"><h1 class=\"uagb-heading-text\">Polityka Cookies<\/h1><\/div>\n\n\n\n<p class=\"gb-text gb-text-4dc3aa44\">Obowi\u0105zuje od: dd\/mm\/2025 r.<\/p>\n<\/div>\n\n\n\n<div class=\"wp-block-uagb-container uagb-block-88208d2d\">\n<div class=\"wp-block-uagb-advanced-heading uagb-block-25ea60f3\"><h2 class=\"uagb-heading-text\"><br><strong>\u00a71 <strong>Stosowane definicje<\/strong><\/strong><\/h2><\/div>\n\n\n\n<ol class=\"wp-block-list\">\n<li>Cookies &#8211; ma\u0142e pliki, kt\u00f3re s\u0105 pobierane i przechowywane na komputerze lub innym urz\u0105dzeniu U\u017cytkownika, powi\u0105zanym z informacjami o sposobie u\u017cytkowania strony.<\/li>\n\n\n\n<li>Kupuj\u0105cy &#8211; osoba, kt\u00f3ra dobrowolnie korzysta z us\u0142ug i tre\u015bci dost\u0119pnych w Serwisie i Sklepie, tj. przegl\u0105da strony Serwisu i Sklepu, sk\u0142ada zam\u00f3wienie w Sklepie, rejestruje si\u0119, zapisuje si\u0119 na bezp\u0142atny newsletter lub kontaktuje si\u0119 z w\u0142a\u015bcicielem Sklepu poprzez formularz kontaktowy,<\/li>\n\n\n\n<li>Sklep \u2013 sklep internetowy dost\u0119pny pod adresem <a href=\"http:\/\/www.fundacja.org\/sklep\">www.fundacja.org\/sklep<\/a>, za po\u015brednictwem, kt\u00f3rego Kupuj\u0105cy mo\u017ce dokonywa\u0107 zakup\u00f3w okre\u015blonych Produkt\u00f3w.<\/li>\n\n\n\n<li>Administrator danych osobowych i Sprzedawca &#8211; podmiot decyduj\u0105cy o celach i \u015brodkach przetwarzania danych. Administratorem danych osobowych Kupuj\u0105cych jest Sprzedawca, tj. Fundacja Pracownia Zmiany, \u015awi\u0119tokrzyska 30 \/ 63, 00-116 Warszawa, KRS: 0000883587, NIP: 5252852194, REGON: 388233060, wpisana do Krajowego Rejestru S\u0105dowego przez XII Wydzia\u0142 Gospodarczy dla M. St. Warszawa<\/li>\n\n\n\n<li>Dane osobowe &#8211; wszelkie informacje, kt\u00f3re bez nadmiernego czasu i kosztu mog\u0105 doprowadzi\u0107 do identyfikacji osoby fizycznej, w tym jej dane identyfikacyjne, adresowe i kontaktowe.<\/li>\n<\/ol>\n<\/div>\n\n\n\n<div class=\"wp-block-uagb-container uagb-block-c4abdc4a\">\n<div class=\"wp-block-uagb-advanced-heading uagb-block-8c9a2242\"><h2 class=\"uagb-heading-text\"><strong>\u00a7<strong>2 <strong>Postanowienia og\u00f3lne<\/strong><\/strong><\/strong><\/h2><\/div>\n\n\n\n<ol class=\"wp-block-list\">\n<li>Sklep u\u017cywa plik\u00f3w cookies, aby dostarcza\u0107 us\u0142ugi i funkcje dostosowane do preferencji i potrzeb Kupuj\u0105cych Sklepu, w szczeg\u00f3lno\u015bci pliki cookies pozwalaj\u0105 rozpozna\u0107 urz\u0105dzenie Kupuj\u0105cego i odpowiednio wy\u015bwietli\u0107 stron\u0119 internetow\u0105, dostosowan\u0105 do jego indywidualnych potrzeb.<\/li>\n\n\n\n<li>Pliki cookies mog\u0105 mie\u0107 charakter tymczasowy, tj. s\u0105 usuwane z chwil\u0105 zamkni\u0119cia przegl\u0105darki lub trwa\u0142y.<\/li>\n\n\n\n<li>Sta\u0142e pliki cookies s\u0105 przechowywane tak\u017ce po zako\u0144czeniu korzystania ze stron Serwisu i Sklepu i s\u0142u\u017c\u0105 do przechowywania informacji takich jak has\u0142o czy login, co przyspiesza i u\u0142atwia korzystanie ze stron, a tak\u017ce umo\u017cliwia zapami\u0119tanie wybranych przez U\u017cytkownika ustawie\u0144.<\/li>\n<\/ol>\n<\/div>\n\n\n\n<div class=\"wp-block-uagb-container uagb-block-bd087fee\">\n<div class=\"wp-block-uagb-advanced-heading uagb-block-ed37b28c\"><h2 class=\"uagb-heading-text\"><strong><strong>\u00a73 <strong>Cele cookies<\/strong><\/strong><\/strong><\/h2><\/div>\n\n\n\n<ol class=\"wp-block-list\">\n<li>Sklep wykorzystuje pliki cookies w nast\u0119puj\u0105cych celach:\n<ol style=\"list-style-type:lower-alpha\" class=\"wp-block-list\">\n<li>dokonania analiz i statystyk, kt\u00f3re dostarcz\u0105 informacji, w jaki spos\u00f3b Kupuj\u0105cy Sklepu korzysta ze stron, co umo\u017cliwia ulepszanie ich struktury i zawarto\u015bci,<\/li>\n\n\n\n<li>niezb\u0119dne do prawid\u0142owego funkcjonowania strony internetowej, umo\u017cliwiaj\u0105c korzystanie z podstawowych funkcji,<\/li>\n\n\n\n<li>wy\u015bwietlania u\u017cytkownikowi spersonalizowanych reklam na podstawie jego zachowa\u0144 na stronie. Pomagaj\u0105 r\u00f3wnie\u017c w mierzeniu skuteczno\u015bci kampanii reklamowych.<\/li>\n\n\n\n<li>pozwalaj\u0105 na zapami\u0119tanie wybor\u00f3w dokonanych przez u\u017cytkownika (np. ustawienia j\u0119zyka, preferencje dotycz\u0105ce wygl\u0105du strony) oraz umo\u017cliwiaj\u0105 dostosowanie strony do indywidualnych potrzeb u\u017cytkownika.<\/li>\n<\/ol>\n<\/li>\n\n\n\n<li>Dane zawarte w cookies b\u0119d\u0105 archiwizowane i wykorzystywane w celach analizy statystycznej Sklepu.<\/li>\n\n\n\n<li>Dane zawarte w cookies nie s\u0105 \u0142\u0105czone z przekazanymi przez Kupuj\u0105cego danymi osobowymi.<\/li>\n<\/ol>\n<\/div>\n\n\n\n<div class=\"wp-block-uagb-container uagb-block-e0b77af4\">\n<div class=\"wp-block-uagb-advanced-heading uagb-block-4699ff92\"><h2 class=\"uagb-heading-text\"><strong>\u00a74 <strong>Akceptacja lub zmiana ustawie\u0144 cookies.<\/strong><\/strong><\/h2><\/div>\n\n\n\n<ol class=\"wp-block-list\">\n<li>Klikaj\u0105c \u201dAkceptuj\u0119\u201d w okienku z informacj\u0105 o cookies U\u017cytkownik zgadza si\u0119 na u\u017cycie cookies w wy\u017cej wymienionych celach.<\/li>\n\n\n\n<li>U\u017cytkownik mo\u017ce w ka\u017cdej chwili skasowa\u0107 i\/lub wy\u0142\u0105czy\u0107 cookies w przegl\u0105darce internetowej, z kt\u00f3rej korzystasz podczas przegl\u0105dania stron.<\/li>\n\n\n\n<li>Niekt\u00f3re pliki cookies &#8211; tzw. cookies funkcjonalne mog\u0105 by\u0107 niezb\u0119dne do prawid\u0142owego dzia\u0142ania stron Sklepu.<\/li>\n\n\n\n<li>U\u017cytkownik mo\u017ce dokona\u0107 w ka\u017cdym czasie zmiany ustawie\u0144 dotycz\u0105cych plik\u00f3w cookies w ustawieniach przegl\u0105darki internetowej (opcja \u201epomoc\u201d), z kt\u00f3rej korzysta do przegl\u0105dania Sklepu.<\/li>\n\n\n\n<li>Ustawienia plik\u00f3w cookies mog\u0105 zosta\u0107 zmienione w taki spos\u00f3b, aby blokowa\u0107 automatyczn\u0105 obs\u0142ug\u0119 plik\u00f3w cookies w ustawieniach przegl\u0105darki internetowej b\u0105d\u017a informowa\u0107 o ich ka\u017cdorazowym zamieszczeniu w urz\u0105dzeniu U\u017cytkownika.<\/li>\n\n\n\n<li>Skasowanie lub wy\u0142\u0105czenie plik\u00f3w cookies mo\u017ce spowodowa\u0107 trudno\u015bci lub ograniczon\u0105 funkcjonalno\u015b\u0107 niekt\u00f3rych cz\u0119\u015bci strony (dotyczy cookies funkcjonalnych).<\/li>\n<\/ol>\n<\/div>\n\n\n\n<div class=\"wp-block-uagb-container uagb-block-3195820c\">\n<div class=\"wp-block-uagb-advanced-heading uagb-block-756d0da4\"><h2 class=\"uagb-heading-text\"><strong><strong>\u00a75 <strong>Postanowienia ko\u0144cowe<\/strong><\/strong><\/strong><\/h2><\/div>\n\n\n\n<ol class=\"wp-block-list\">\n<li>Sklep zastrzega mo\u017cliwo\u015b\u0107 zmiany niniejszej Polityki cookies w sytuacji, gdy b\u0119d\u0105 tego wymaga\u0142y zastosowane rozwi\u0105zania techniczne lub zmiany przepis\u00f3w prawa w zakresie prywatno\u015bci Kupuj\u0105cych.<\/li>\n\n\n\n<li>W przypadku zmiany obowi\u0105zuj\u0105cej polityki cookies, wprowadzone zostan\u0105 odpowiednie modyfikacje do powy\u017cszego zapisu, kt\u00f3re b\u0119d\u0105 obowi\u0105zywa\u0107 od dnia ich publikacji na stronie Sklepu.<\/li>\n<\/ol>\n<\/div>\n<\/div><\/div>\n","protected":false},"excerpt":{"rendered":"<p>Polityka Cookies Obowi\u0105zuje od: dd\/mm\/2025 r. \u00a71 Stosowane definicje Cookies &#8211; ma\u0142e pliki, kt\u00f3re s\u0105 pobierane i przechowywane na komputerze lub innym urz\u0105dzeniu U\u017cytkownika, powi\u0105zanym z informacjami o sposobie u\u017cytkowania [&hellip;]<\/p>\n","protected":false},"author":4,"featured_media":0,"parent":0,"menu_order":0,"comment_status":"closed","ping_status":"closed","template":"","meta":{"_crdt_document":"","_uag_custom_page_level_css":"","footnotes":""},"class_list":["post-3283","page","type-page","status-publish","hentry"],"uagb_featured_image_src":{"full":false,"thumbnail":false,"medium":false,"medium_large":false,"large":false,"1536x1536":false,"2048x2048":false,"botiga-extra-large":false,"botiga-large":false,"botiga-big":false,"botiga-medium":false,"woocommerce_thumbnail":false,"woocommerce_single":false,"woocommerce_gallery_thumbnail":false},"uagb_author_info":{"display_name":"Admin","author_link":"https:\/\/www.zmiany.org\/en\/author\/marta-ciszewska\/"},"uagb_comment_info":0,"uagb_excerpt":"Polityka Cookies Obowi\u0105zuje od: dd\/mm\/2025 r. \u00a71 Stosowane definicje Cookies &#8211; ma\u0142e pliki, kt\u00f3re s\u0105 pobierane i przechowywane na komputerze lub innym urz\u0105dzeniu U\u017cytkownika, powi\u0105zanym z informacjami o sposobie u\u017cytkowania [&hellip;]","jetpack_sharing_enabled":true,"_links":{"self":[{"href":"https:\/\/www.zmiany.org\/en\/wp-json\/wp\/v2\/pages\/3283","targetHints":{"allow":["GET"]}}],"collection":[{"href":"https:\/\/www.zmiany.org\/en\/wp-json\/wp\/v2\/pages"}],"about":[{"href":"https:\/\/www.zmiany.org\/en\/wp-json\/wp\/v2\/types\/page"}],"author":[{"embeddable":true,"href":"https:\/\/www.zmiany.org\/en\/wp-json\/wp\/v2\/users\/4"}],"replies":[{"embeddable":true,"href":"https:\/\/www.zmiany.org\/en\/wp-json\/wp\/v2\/comments?post=3283"}],"version-history":[{"count":2,"href":"https:\/\/www.zmiany.org\/en\/wp-json\/wp\/v2\/pages\/3283\/revisions"}],"predecessor-version":[{"id":3285,"href":"https:\/\/www.zmiany.org\/en\/wp-json\/wp\/v2\/pages\/3283\/revisions\/3285"}],"wp:attachment":[{"href":"https:\/\/www.zmiany.org\/en\/wp-json\/wp\/v2\/media?parent=3283"}],"curies":[{"name":"wp","href":"https:\/\/api.w.org\/{rel}","templated":true}]}}