{"id":2166,"date":"2025-02-17T23:44:16","date_gmt":"2025-02-17T22:44:16","guid":{"rendered":"https:\/\/www.zmiany.org\/?page_id=2166"},"modified":"2026-03-14T19:13:57","modified_gmt":"2026-03-14T18:13:57","slug":"nasza-oferta","status":"publish","type":"page","link":"https:\/\/www.zmiany.org\/en\/our-offer\/","title":{"rendered":"Our offer"},"content":{"rendered":"\r\n<h1 class=\"wp-block-heading\"><strong>Spacerownia: alternative walking tours in Warsaw<\/strong><\/h1>\r\n\r\n\r\n <span style=\"font-weight: 400;\">Spacerownia\u2019s offer includes professionally prepared, original walking tours of Warsaw, designed to showcase lesser-known yet significant urban spaces.<\/span>\r\n<p class=\"has-text-align-left wp-block-paragraph\">&nbsp;<\/p>\r\n<span style=\"font-weight: 400;\">Participants have the opportunity to discover places where history, architecture, local communities, and nature coexist and interact with one another.<\/span>\r\n<p class=\"has-text-align-left\">&nbsp;<\/p>\r\n<span style=\"font-weight: 400;\">Our walking tours allow participants to notice and analyze the constantly changing face of Warsaw: to understand social processes and observe the ways in which the city adapts to contemporary challenges.<\/span>\r\n<p class=\"has-text-align-left\">&nbsp;<\/p>\r\n<span style=\"font-weight: 400;\">We offer 5 different walking routes:<\/span>\r\n<p class=\"has-text-align-left\">&nbsp;<\/p>\r\n<strong>Right-bank walks:<\/strong> \r\n\r\n\r\n\r\n\r\n<ol>\r\n<li><span style=\"font-weight: 400;\"> \u0141\u0105ki Gol\u0119dzinowskie, Pawilon Kamie\u0144 \u2013 the wild bank of the Vistula, a buffer zone and a place for recreation. An example of human\u2013nature symbiosis and a habitat for many protected species.<\/span><\/li>\r\n<li><span style=\"font-weight: 400;\"> Old and New Praga \u2013 traces of revitalization and gentrification; how to combine the old with the new, historic urban fabric with modern investments, and address social tensions.<\/span><\/li>\r\n<\/ol>\r\n\r\n\r\n <span style=\"font-weight: 400;\"> <strong>Central walks:<\/strong><\/span> \r\n\r\n\r\n<ol start=\"3\">\r\n<li><span style=\"font-weight: 400;\"> Hala Mirowska \u2013 a meeting point of old and new Warsaw, a local market hall, a place of everyday shopping and reflection on developer pressure.<\/span><\/li>\r\n<li><span style=\"font-weight: 400;\"> Osiedle Jazd\u00f3w \u2013 unique wooden houses in the city center, today an incubator of social, cultural, and innovative initiatives.<\/span><\/li>\r\n<\/ol>\r\n\r\n\r\n <strong>&nbsp;<\/strong> <strong>\u017boliborz walk:<\/strong>\r\n<ol start=\"5\">\r\n<li><span style=\"font-weight: 400;\"> Park Fosa \u2013 controlled \u201crewilding\u201d of the park, divided into zones: natural, communal, and representative; a model adaptation of the historic Citadel, where humans coexist with protected wildlife.<\/span><\/li>\r\n<\/ol>\r\n&nbsp; <strong>Walking tour cost:<\/strong> <span style=\"font-weight: 400;\">Selected walking route with 1 guide (groups up to 20 people) \u2013 2000 PLN gross<\/span> <span style=\"font-weight: 400;\">Selected walking route with 2 guides (groups of 21\u201340 people) \u2013 4000 PLN gross<\/span> <span style=\"font-weight: 400;\">Have questions or want to book a walking tour? Reach out to us!<\/span> <span style=\"font-weight: 400;\">kontakt@zmiany.org<\/span> <a href=\"tel:606587498\" target=\"_blank\" rel=\"noopener noreferrer\">606 587 498<\/a>","protected":false},"excerpt":{"rendered":"<p>Spacerownia: alternative walking tours in Warsaw Spacerownia\u2019s offer includes professionally prepared, original walking tours of Warsaw, designed to showcase lesser-known yet significant urban spaces. &nbsp; Participants have the opportunity to [&hellip;]<\/p>\n","protected":false},"author":4,"featured_media":0,"parent":0,"menu_order":0,"comment_status":"closed","ping_status":"closed","template":"","meta":{"_crdt_document":"","_uag_custom_page_level_css":"","footnotes":""},"class_list":["post-2166","page","type-page","status-publish","hentry"],"uagb_featured_image_src":{"full":false,"thumbnail":false,"medium":false,"medium_large":false,"large":false,"1536x1536":false,"2048x2048":false,"botiga-extra-large":false,"botiga-large":false,"botiga-big":false,"botiga-medium":false,"woocommerce_thumbnail":false,"woocommerce_single":false,"woocommerce_gallery_thumbnail":false},"uagb_author_info":{"display_name":"Admin","author_link":"https:\/\/www.zmiany.org\/en\/author\/marta-ciszewska\/"},"uagb_comment_info":0,"uagb_excerpt":"Spacerownia: alternative walking tours in Warsaw Spacerownia\u2019s offer includes professionally prepared, original walking tours of Warsaw, designed to showcase lesser-known yet significant urban spaces. &nbsp; Participants have the opportunity to [&hellip;]","jetpack_sharing_enabled":true,"_links":{"self":[{"href":"https:\/\/www.zmiany.org\/en\/wp-json\/wp\/v2\/pages\/2166","targetHints":{"allow":["GET"]}}],"collection":[{"href":"https:\/\/www.zmiany.org\/en\/wp-json\/wp\/v2\/pages"}],"about":[{"href":"https:\/\/www.zmiany.org\/en\/wp-json\/wp\/v2\/types\/page"}],"author":[{"embeddable":true,"href":"https:\/\/www.zmiany.org\/en\/wp-json\/wp\/v2\/users\/4"}],"replies":[{"embeddable":true,"href":"https:\/\/www.zmiany.org\/en\/wp-json\/wp\/v2\/comments?post=2166"}],"version-history":[{"count":62,"href":"https:\/\/www.zmiany.org\/en\/wp-json\/wp\/v2\/pages\/2166\/revisions"}],"predecessor-version":[{"id":3355,"href":"https:\/\/www.zmiany.org\/en\/wp-json\/wp\/v2\/pages\/2166\/revisions\/3355"}],"wp:attachment":[{"href":"https:\/\/www.zmiany.org\/en\/wp-json\/wp\/v2\/media?parent=2166"}],"curies":[{"name":"wp","href":"https:\/\/api.w.org\/{rel}","templated":true}]}}